{"id":893,"date":"2024-12-06T20:52:28","date_gmt":"2024-12-06T19:52:28","guid":{"rendered":"https:\/\/www.synaedastate.nl\/datenschutzbestimmungen\/"},"modified":"2025-07-16T14:12:25","modified_gmt":"2025-07-16T13:12:25","slug":"datenschutzbestimmungen","status":"publish","type":"page","link":"https:\/\/synaedastate.nl\/de\/datenschutzbestimmungen\/","title":{"rendered":"Datenschutzbestimmungen"},"content":{"rendered":"\t\t<div data-elementor-type=\"wp-page\" data-elementor-id=\"893\" class=\"elementor elementor-893 elementor-3\" data-elementor-post-type=\"page\">\n\t\t\t\t\t\t<section class=\"elementor-section elementor-top-section elementor-element elementor-element-57c32b6 elementor-section-height-min-height elementor-section-boxed elementor-section-height-default elementor-section-items-middle\" data-id=\"57c32b6\" data-element_type=\"section\" data-e-type=\"section\" data-settings=\"{&quot;background_background&quot;:&quot;classic&quot;}\">\n\t\t\t\t\t\t\t<div class=\"elementor-background-overlay\"><\/div>\n\t\t\t\t\t\t\t<div class=\"elementor-container elementor-column-gap-default\">\n\t\t\t\t\t<div class=\"elementor-column elementor-col-100 elementor-top-column elementor-element elementor-element-7b6a0b5\" data-id=\"7b6a0b5\" data-element_type=\"column\" data-e-type=\"column\">\n\t\t\t<div class=\"elementor-widget-wrap elementor-element-populated\">\n\t\t\t\t\t\t<div class=\"elementor-element elementor-element-f3b7e7b elementor-invisible elementor-widget elementor-widget-heading\" data-id=\"f3b7e7b\" data-element_type=\"widget\" data-e-type=\"widget\" data-settings=\"{&quot;_animation&quot;:&quot;fadeIn&quot;}\" data-widget_type=\"heading.default\">\n\t\t\t\t<div class=\"elementor-widget-container\">\n\t\t\t\t\t<h2 class=\"elementor-heading-title elementor-size-default\">Erkl\u00e4rung zum Datenschutz<\/h2>\t\t\t\t<\/div>\n\t\t\t\t<\/div>\n\t\t\t\t<div class=\"elementor-element elementor-element-635d3dd elementor-align-center elementor-widget elementor-widget-breadcrumbs\" data-id=\"635d3dd\" data-element_type=\"widget\" data-e-type=\"widget\" data-widget_type=\"breadcrumbs.default\">\n\t\t\t\t<div class=\"elementor-widget-container\">\n\t\t\t\t\t<p id=\"breadcrumbs\"><span><span><a href=\"https:\/\/stalsynaeda.nl\/de\/heim\/\">Home<\/a><\/span><\/span><\/p>\t\t\t\t<\/div>\n\t\t\t\t<\/div>\n\t\t\t\t\t<\/div>\n\t\t<\/div>\n\t\t\t\t\t<\/div>\n\t\t<\/section>\n\t\t\t\t<section class=\"elementor-section elementor-top-section elementor-element elementor-element-88a5d78 elementor-section-boxed elementor-section-height-default elementor-section-height-default\" data-id=\"88a5d78\" data-element_type=\"section\" data-e-type=\"section\">\n\t\t\t\t\t\t<div class=\"elementor-container elementor-column-gap-default\">\n\t\t\t\t\t<div class=\"elementor-column elementor-col-100 elementor-top-column elementor-element elementor-element-3f764107\" data-id=\"3f764107\" data-element_type=\"column\" data-e-type=\"column\">\n\t\t\t<div class=\"elementor-widget-wrap elementor-element-populated\">\n\t\t\t\t\t\t<div class=\"elementor-element elementor-element-3b9eca82 elementor-widget elementor-widget-text-editor\" data-id=\"3b9eca82\" data-element_type=\"widget\" data-e-type=\"widget\" data-widget_type=\"text-editor.default\">\n\t\t\t\t<div class=\"elementor-widget-container\">\n\t\t\t\t\t\t\t\t\t\n<p>Stal Synaeda, mit Sitz in Sinaedawei 23, 8851 GH Tzummarum, ist verantwortlich f\u00fcr die Verarbeitung der personenbezogenen Daten, wie sie in dieser Datenschutzerkl\u00e4rung wiedergegeben sind.<\/p>\n<p><strong>Kontaktinformationen:<\/strong><br>https:\/\/synaedastate.nl<br>Sinaedawei 23, 8851 GH Tzummarum<br>31651753648<br>Sietske Oosterbaan ist die Datenschutzbeauftragte von Synaeda Stables. Sie k\u00f6nnen sie unter info@synaedastate.nl erreichen.<\/p>\n<h2>Pers\u00f6nliche Daten, die wir verarbeiten<\/h2>\n<p>Stal Synaeda verarbeitet Ihre pers\u00f6nlichen Daten, weil Sie unsere Dienste nutzen und\/oder weil Sie uns diese Daten selbst zur Verf\u00fcgung stellen.<\/p>\n<p>Nachfolgend finden Sie eine \u00dcbersicht \u00fcber die von uns verarbeiteten personenbezogenen Daten:<br>&#8211; Vor- und Nachname<br>&#8211; Internetbrowser und Ger\u00e4tetyp<br>&#8211; Telefonnummer<br>&#8211; E-Mail-Adresse<br>&#8211; IP-Adresse<br>&#8211; Weitere personenbezogene Daten, die der Kunde aktiv zur Verf\u00fcgung stellt, zum Beispiel durch die Erstellung eines Profils auf Ihrer Website, in der Korrespondenz und per Telefon<br>&#8211; Daten \u00fcber Ihre Aktivit\u00e4ten auf unserer Website<\/p>\n<h2>Besondere und\/oder sensible pers\u00f6nliche Daten, die wir verarbeiten<\/h2>\n<p>Unsere Website und\/oder unser Service beabsichtigt nicht, Daten \u00fcber Website-Besucher zu sammeln, die unter 16 Jahre alt sind. Es sei denn, sie haben die Erlaubnis ihrer Eltern oder Erziehungsberechtigten. Wir k\u00f6nnen jedoch nicht \u00fcberpr\u00fcfen, ob ein Besucher \u00fcber 16 Jahre alt ist. Wir raten Eltern daher, sich an den Online-Aktivit\u00e4ten ihrer Kinder zu beteiligen, um zu vermeiden, dass Daten \u00fcber Kinder ohne elterliche Zustimmung gesammelt werden. Wenn Sie davon \u00fcberzeugt sind, dass wir personenbezogene Daten \u00fcber einen Minderj\u00e4hrigen ohne eine solche Zustimmung gesammelt haben, kontaktieren Sie uns bitte unter info@synaedastate.nl und wir werden diese Informationen l\u00f6schen.<\/p>\n<h2>Synaeda Stables verarbeitet Ihre pers\u00f6nlichen Daten f\u00fcr die folgenden Zwecke:<\/h2>\n<p>&#8211; Versand unseres Newsletters und\/oder Werbeprospekts<br>&#8211; Anrufe oder E-Mails an Sie, wenn dies zur Erbringung unserer Dienstleistungen erforderlich ist<br>&#8211; Information \u00fcber \u00c4nderungen unserer Dienstleistungen und Produkte<br>&#8211; Synaeda Stables verarbeitet auch personenbezogene Daten, wenn wir gesetzlich dazu verpflichtet sind, wie z.B. Daten, die wir f\u00fcr unsere Steuererkl\u00e4rung ben\u00f6tigen.<\/p>\n<h2>Automatisierte Entscheidungsfindung<\/h2>\n<p>Synaeda Stables trifft keine Entscheidungen auf der Grundlage einer automatisierten Verarbeitung in Angelegenheiten, die Einzelpersonen (erheblich) beeintr\u00e4chtigen k\u00f6nnten. Dies sind Entscheidungen, die von Computerprogrammen oder -systemen getroffen werden, ohne dass ein Mensch (z.B. ein Mitarbeiter von Synaeda Stables) daran beteiligt ist.<\/p>\n<h2>Wie lange wir pers\u00f6nliche Daten aufbewahren<\/h2>\n<p>Stal Synaeda speichert Ihre pers\u00f6nlichen Daten nur so lange, wie es f\u00fcr die Erf\u00fcllung der Zwecke, f\u00fcr die Ihre Daten erhoben wurden, unbedingt erforderlich ist. Wir wenden die gesetzlichen Aufbewahrungsfristen an. <\/p>\n<h2>Weitergabe pers\u00f6nlicher Daten an Dritte<\/h2>\n<h3>Cookies oder \u00e4hnliche Techniken, die wir verwenden<\/h3>\n<p>Synaeda Stables verwendet nur technische und funktionale Cookies. Und analytische Cookies, die nicht in Ihre Privatsph\u00e4re eindringen. Ein Cookie ist eine kleine Textdatei, die auf Ihrem Computer, Tablet oder Smartphone gespeichert wird, wenn Sie diese Website zum ersten Mal besuchen. Die von uns verwendeten Cookies sind f\u00fcr den technischen Betrieb der Website und Ihre Benutzerfreundlichkeit erforderlich. Sie sorgen daf\u00fcr, dass die Website ordnungsgem\u00e4\u00df funktioniert und merken sich z.B. Ihre Einstellungen. Es erm\u00f6glicht uns auch die Optimierung unserer Website. Sie k\u00f6nnen Cookies ablehnen, indem Sie Ihren Internetbrowser so einstellen, dass keine Cookies mehr gespeichert werden. Dar\u00fcber hinaus k\u00f6nnen Sie \u00fcber die Einstellungen Ihres Browsers alle zuvor gespeicherten Informationen l\u00f6schen.<\/p>\n<h3>Daten ansehen, \u00e4ndern oder l\u00f6schen<\/h3>\n<p>Sie haben das Recht, Ihre pers\u00f6nlichen Daten einzusehen, zu korrigieren oder zu l\u00f6schen. Dar\u00fcber hinaus haben Sie das Recht, Ihre eventuelle Zustimmung zur Datenverarbeitung zu widerrufen oder der Verarbeitung Ihrer personenbezogenen Daten durch Stal Synaeda zu widersprechen, und Sie haben das Recht auf Daten\u00fcbertragbarkeit. Das bedeutet, dass Sie uns auffordern k\u00f6nnen, die pers\u00f6nlichen Daten, die wir \u00fcber Sie in einer Computerdatei gespeichert haben, an Sie oder eine andere von Ihnen benannte Organisation zu senden.<\/p>\n<p>Sie k\u00f6nnen einen Antrag auf Zugriff, Berichtigung, L\u00f6schung, \u00dcbertragung Ihrer personenbezogenen Daten oder auf Widerruf Ihrer Einwilligung oder Widerspruch gegen die Verarbeitung Ihrer personenbezogenen Daten an info@synaedastate.nl senden.<\/p>\n<p>Um sicherzustellen, dass der Antrag auf Zugang von Ihnen gestellt wird, bitten wir Sie, eine Kopie Ihres Ausweises mitzuschicken. Schw\u00e4rzen Sie in dieser Kopie Ihr Passfoto, die MRZ (maschinenlesbare Zone, der Zahlenstreifen am unteren Rand des Passes), die Passnummer und die B\u00fcrgerservicenummer (BSN). Dies dient dem Schutz Ihrer Privatsph\u00e4re. Wir werden Ihre Anfrage so schnell wie m\u00f6glich, jedoch innerhalb von vier Wochen beantworten.<\/p>\n<p>Synaeda Stables m\u00f6chte Sie auch dar\u00fcber informieren, dass Sie die M\u00f6glichkeit haben, eine Beschwerde bei der nationalen Aufsichtsbeh\u00f6rde, der Beh\u00f6rde f\u00fcr personenbezogene Daten, einzureichen. Sie k\u00f6nnen dies \u00fcber den folgenden Link tun: https:\/\/autoriteitpersoonsgegevens.nl\/nl\/contact-met-de-autoriteit-persoonsgegevens\/tip-ons<\/p>\n<h2>Wie wir pers\u00f6nliche Daten sch\u00fctzen<\/h2>\n<p>Stal Synaeda nimmt den Schutz Ihrer Daten ernst und ergreift geeignete Ma\u00dfnahmen, um Missbrauch, Verlust, unbefugtem Zugriff, unerw\u00fcnschter Offenlegung und unbefugter \u00c4nderung entgegenzuwirken. Sollten Sie dennoch das Gef\u00fchl haben, dass Ihre Daten nicht gut gesch\u00fctzt sind oder es Hinweise auf einen Missbrauch gibt, wenden Sie sich bitte an unseren Kundenservice oder an info@synaedastate.nl<\/p>\t\t\t\t\t\t\t\t<\/div>\n\t\t\t\t<\/div>\n\t\t\t\t\t<\/div>\n\t\t<\/div>\n\t\t\t\t\t<\/div>\n\t\t<\/section>\n\t\t\t\t<\/div>\n\t\t","protected":false},"excerpt":{"rendered":"<p>Erkl\u00e4rung zum Datenschutz Stal Synaeda, mit Sitz in Sinaedawei 23, 8851 GH Tzummarum, ist verantwortlich f\u00fcr die Verarbeitung der personenbezogenen Daten, wie sie in dieser Datenschutzerkl\u00e4rung wiedergegeben sind. Kontaktinformationen:https:\/\/synaedastate.nlSinaedawei 23, 8851 GH Tzummarum31651753648Sietske Oosterbaan ist die Datenschutzbeauftragte von Synaeda Stables. Sie k\u00f6nnen sie unter info@synaedastate.nl erreichen. Pers\u00f6nliche Daten, die wir verarbeiten Stal Synaeda verarbeitet Ihre [&hellip;]<\/p>\n","protected":false},"author":2,"featured_media":0,"parent":0,"menu_order":0,"comment_status":"closed","ping_status":"open","template":"","meta":{"footnotes":""},"class_list":["post-893","page","type-page","status-publish","hentry"],"yoast_head":"<!-- This site is optimized with the Yoast SEO plugin v27.3 - https:\/\/yoast.com\/product\/yoast-seo-wordpress\/ -->\n<title>Datenschutzbestimmungen - Stal Synaeda<\/title>\n<meta name=\"robots\" content=\"index, follow, max-snippet:-1, max-image-preview:large, max-video-preview:-1\" \/>\n<link rel=\"canonical\" href=\"https:\/\/synaedastate.nl\/de\/datenschutzbestimmungen\/\" \/>\n<meta property=\"og:locale\" content=\"de_DE\" \/>\n<meta property=\"og:type\" content=\"article\" \/>\n<meta property=\"og:title\" content=\"Datenschutzbestimmungen - Stal Synaeda\" \/>\n<meta property=\"og:description\" content=\"Erkl\u00e4rung zum Datenschutz Stal Synaeda, mit Sitz in Sinaedawei 23, 8851 GH Tzummarum, ist verantwortlich f\u00fcr die Verarbeitung der personenbezogenen Daten, wie sie in dieser Datenschutzerkl\u00e4rung wiedergegeben sind. Kontaktinformationen:https:\/\/synaedastate.nlSinaedawei 23, 8851 GH Tzummarum31651753648Sietske Oosterbaan ist die Datenschutzbeauftragte von Synaeda Stables. Sie k\u00f6nnen sie unter info@synaedastate.nl erreichen. Pers\u00f6nliche Daten, die wir verarbeiten Stal Synaeda verarbeitet Ihre [&hellip;]\" \/>\n<meta property=\"og:url\" content=\"https:\/\/synaedastate.nl\/de\/datenschutzbestimmungen\/\" \/>\n<meta property=\"og:site_name\" content=\"Stal Synaeda\" \/>\n<meta property=\"article:modified_time\" content=\"2025-07-16T13:12:25+00:00\" \/>\n<meta name=\"twitter:card\" content=\"summary_large_image\" \/>\n<meta name=\"twitter:label1\" content=\"Gesch\u00e4tzte Lesezeit\" \/>\n\t<meta name=\"twitter:data1\" content=\"4\u00a0Minuten\" \/>\n<script type=\"application\/ld+json\" class=\"yoast-schema-graph\">{\"@context\":\"https:\\\/\\\/schema.org\",\"@graph\":[{\"@type\":\"WebPage\",\"@id\":\"https:\\\/\\\/synaedastate.nl\\\/de\\\/datenschutzbestimmungen\\\/\",\"url\":\"https:\\\/\\\/synaedastate.nl\\\/de\\\/datenschutzbestimmungen\\\/\",\"name\":\"Datenschutzbestimmungen - Stal Synaeda\",\"isPartOf\":{\"@id\":\"https:\\\/\\\/stalsynaeda.nl\\\/en\\\/#website\"},\"datePublished\":\"2024-12-06T19:52:28+00:00\",\"dateModified\":\"2025-07-16T13:12:25+00:00\",\"breadcrumb\":{\"@id\":\"https:\\\/\\\/synaedastate.nl\\\/de\\\/datenschutzbestimmungen\\\/#breadcrumb\"},\"inLanguage\":\"de\",\"potentialAction\":[{\"@type\":\"ReadAction\",\"target\":[\"https:\\\/\\\/synaedastate.nl\\\/de\\\/datenschutzbestimmungen\\\/\"]}]},{\"@type\":\"BreadcrumbList\",\"@id\":\"https:\\\/\\\/synaedastate.nl\\\/de\\\/datenschutzbestimmungen\\\/#breadcrumb\",\"itemListElement\":[{\"@type\":\"ListItem\",\"position\":1,\"name\":\"Home\",\"item\":\"https:\\\/\\\/stalsynaeda.nl\\\/de\\\/heim\\\/\"},{\"@type\":\"ListItem\",\"position\":2,\"name\":\"Datenschutzbestimmungen\"}]},{\"@type\":\"WebSite\",\"@id\":\"https:\\\/\\\/stalsynaeda.nl\\\/en\\\/#website\",\"url\":\"https:\\\/\\\/stalsynaeda.nl\\\/en\\\/\",\"name\":\"Stal Synaeda\",\"description\":\"Fokkerij van Friese paarden\",\"publisher\":{\"@id\":\"https:\\\/\\\/stalsynaeda.nl\\\/en\\\/#organization\"},\"potentialAction\":[{\"@type\":\"SearchAction\",\"target\":{\"@type\":\"EntryPoint\",\"urlTemplate\":\"https:\\\/\\\/stalsynaeda.nl\\\/en\\\/?s={search_term_string}\"},\"query-input\":{\"@type\":\"PropertyValueSpecification\",\"valueRequired\":true,\"valueName\":\"search_term_string\"}}],\"inLanguage\":\"de\"},{\"@type\":\"Organization\",\"@id\":\"https:\\\/\\\/stalsynaeda.nl\\\/en\\\/#organization\",\"name\":\"Stal Synaeda\",\"url\":\"https:\\\/\\\/stalsynaeda.nl\\\/en\\\/\",\"logo\":{\"@type\":\"ImageObject\",\"inLanguage\":\"de\",\"@id\":\"https:\\\/\\\/stalsynaeda.nl\\\/en\\\/#\\\/schema\\\/logo\\\/image\\\/\",\"url\":\"https:\\\/\\\/synaedastate.nl\\\/wp-content\\\/uploads\\\/2025\\\/01\\\/Stal-Synaeda-wit-op-rood-liggend-1.jpg\",\"contentUrl\":\"https:\\\/\\\/synaedastate.nl\\\/wp-content\\\/uploads\\\/2025\\\/01\\\/Stal-Synaeda-wit-op-rood-liggend-1.jpg\",\"width\":800,\"height\":478,\"caption\":\"Stal Synaeda\"},\"image\":{\"@id\":\"https:\\\/\\\/stalsynaeda.nl\\\/en\\\/#\\\/schema\\\/logo\\\/image\\\/\"}}]}<\/script>\n<!-- \/ Yoast SEO plugin. -->","yoast_head_json":{"title":"Datenschutzbestimmungen - Stal Synaeda","robots":{"index":"index","follow":"follow","max-snippet":"max-snippet:-1","max-image-preview":"max-image-preview:large","max-video-preview":"max-video-preview:-1"},"canonical":"https:\/\/synaedastate.nl\/de\/datenschutzbestimmungen\/","og_locale":"de_DE","og_type":"article","og_title":"Datenschutzbestimmungen - Stal Synaeda","og_description":"Erkl\u00e4rung zum Datenschutz Stal Synaeda, mit Sitz in Sinaedawei 23, 8851 GH Tzummarum, ist verantwortlich f\u00fcr die Verarbeitung der personenbezogenen Daten, wie sie in dieser Datenschutzerkl\u00e4rung wiedergegeben sind. Kontaktinformationen:https:\/\/synaedastate.nlSinaedawei 23, 8851 GH Tzummarum31651753648Sietske Oosterbaan ist die Datenschutzbeauftragte von Synaeda Stables. Sie k\u00f6nnen sie unter info@synaedastate.nl erreichen. Pers\u00f6nliche Daten, die wir verarbeiten Stal Synaeda verarbeitet Ihre [&hellip;]","og_url":"https:\/\/synaedastate.nl\/de\/datenschutzbestimmungen\/","og_site_name":"Stal Synaeda","article_modified_time":"2025-07-16T13:12:25+00:00","twitter_card":"summary_large_image","twitter_misc":{"Gesch\u00e4tzte Lesezeit":"4\u00a0Minuten"},"schema":{"@context":"https:\/\/schema.org","@graph":[{"@type":"WebPage","@id":"https:\/\/synaedastate.nl\/de\/datenschutzbestimmungen\/","url":"https:\/\/synaedastate.nl\/de\/datenschutzbestimmungen\/","name":"Datenschutzbestimmungen - Stal Synaeda","isPartOf":{"@id":"https:\/\/stalsynaeda.nl\/en\/#website"},"datePublished":"2024-12-06T19:52:28+00:00","dateModified":"2025-07-16T13:12:25+00:00","breadcrumb":{"@id":"https:\/\/synaedastate.nl\/de\/datenschutzbestimmungen\/#breadcrumb"},"inLanguage":"de","potentialAction":[{"@type":"ReadAction","target":["https:\/\/synaedastate.nl\/de\/datenschutzbestimmungen\/"]}]},{"@type":"BreadcrumbList","@id":"https:\/\/synaedastate.nl\/de\/datenschutzbestimmungen\/#breadcrumb","itemListElement":[{"@type":"ListItem","position":1,"name":"Home","item":"https:\/\/stalsynaeda.nl\/de\/heim\/"},{"@type":"ListItem","position":2,"name":"Datenschutzbestimmungen"}]},{"@type":"WebSite","@id":"https:\/\/stalsynaeda.nl\/en\/#website","url":"https:\/\/stalsynaeda.nl\/en\/","name":"Stal Synaeda","description":"Fokkerij van Friese paarden","publisher":{"@id":"https:\/\/stalsynaeda.nl\/en\/#organization"},"potentialAction":[{"@type":"SearchAction","target":{"@type":"EntryPoint","urlTemplate":"https:\/\/stalsynaeda.nl\/en\/?s={search_term_string}"},"query-input":{"@type":"PropertyValueSpecification","valueRequired":true,"valueName":"search_term_string"}}],"inLanguage":"de"},{"@type":"Organization","@id":"https:\/\/stalsynaeda.nl\/en\/#organization","name":"Stal Synaeda","url":"https:\/\/stalsynaeda.nl\/en\/","logo":{"@type":"ImageObject","inLanguage":"de","@id":"https:\/\/stalsynaeda.nl\/en\/#\/schema\/logo\/image\/","url":"https:\/\/synaedastate.nl\/wp-content\/uploads\/2025\/01\/Stal-Synaeda-wit-op-rood-liggend-1.jpg","contentUrl":"https:\/\/synaedastate.nl\/wp-content\/uploads\/2025\/01\/Stal-Synaeda-wit-op-rood-liggend-1.jpg","width":800,"height":478,"caption":"Stal Synaeda"},"image":{"@id":"https:\/\/stalsynaeda.nl\/en\/#\/schema\/logo\/image\/"}}]}},"_links":{"self":[{"href":"https:\/\/synaedastate.nl\/de\/wp-json\/wp\/v2\/pages\/893","targetHints":{"allow":["GET"]}}],"collection":[{"href":"https:\/\/synaedastate.nl\/de\/wp-json\/wp\/v2\/pages"}],"about":[{"href":"https:\/\/synaedastate.nl\/de\/wp-json\/wp\/v2\/types\/page"}],"author":[{"embeddable":true,"href":"https:\/\/synaedastate.nl\/de\/wp-json\/wp\/v2\/users\/2"}],"replies":[{"embeddable":true,"href":"https:\/\/synaedastate.nl\/de\/wp-json\/wp\/v2\/comments?post=893"}],"version-history":[{"count":0,"href":"https:\/\/synaedastate.nl\/de\/wp-json\/wp\/v2\/pages\/893\/revisions"}],"wp:attachment":[{"href":"https:\/\/synaedastate.nl\/de\/wp-json\/wp\/v2\/media?parent=893"}],"curies":[{"name":"wp","href":"https:\/\/api.w.org\/{rel}","templated":true}]}}